{"id":262838,"date":"2020-06-18T04:12:47","date_gmt":"2020-06-18T04:12:47","guid":{"rendered":"https:\/\/paysage-ricol.fr\/?page_id=262838"},"modified":"2020-09-18T06:23:28","modified_gmt":"2020-09-18T06:23:28","slug":"terrace-design","status":"publish","type":"page","link":"https:\/\/paysage-ricol.fr\/en\/terrace-design\/","title":{"rendered":"Terrace design"},"content":{"rendered":"<p>[et_pb_section fb_built=&#8221;1&#8243; _builder_version=&#8221;4.4.2&#8243; background_image=&#8221;https:\/\/paysage-ricol.fr\/wp-content\/uploads\/2020\/04\/entretien-espace-vertes.jpg&#8221; parallax=&#8221;on&#8221;][et_pb_row use_custom_gutter=&#8221;on&#8221; gutter_width=&#8221;1&#8243; make_equal=&#8221;on&#8221; admin_label=&#8221;plantation&#8221; _builder_version=&#8221;4.4.2&#8243; width=&#8221;100%&#8221; max_width=&#8221;1920px&#8221; module_alignment=&#8221;center&#8221; custom_margin=&#8221;-55px|0px|0px|0px|false|false&#8221; custom_padding=&#8221;0px|||||&#8221; border_width_bottom=&#8221;3px&#8221; border_color_bottom=&#8221;#ffdd11&#8243;][et_pb_column type=&#8221;4_4&#8243; _builder_version=&#8221;4.4.2&#8243;][et_pb_image src=&#8221;https:\/\/paysage-ricol.fr\/wp-content\/uploads\/2020\/09\/terrace-design.png&#8221; alt=&#8221;am\u00e9nagement terrasse, Ricol p\u00e9pini\u00e8re, Macon, entretien espaces verts &#8221; title_text=&#8221;am\u00e9nagement terrasse Ricol p\u00e9pini\u00e8re, Macon, entretien espaces verts &#8221; show_bottom_space=&#8221;off&#8221; align=&#8221;center&#8221; _builder_version=&#8221;4.4.2&#8243; custom_margin=&#8221;0px|0px|0px|0px|false|false&#8221; custom_padding=&#8221;0px|0px||||&#8221;][\/et_pb_image][\/et_pb_column][\/et_pb_row][\/et_pb_section][et_pb_section fb_built=&#8221;1&#8243; custom_padding_last_edited=&#8221;on|tablet&#8221; admin_label=&#8221;Cool Cat Content &#8211; Freddie&#8221; module_class=&#8221;freddie_cool_cat_content&#8221; _builder_version=&#8221;4.4.2&#8243; background_color=&#8221;rgba(253,221,17,0)&#8221; custom_padding=&#8221;148px||277px&#8221; custom_padding_tablet=&#8221;||100px&#8221; custom_padding_phone=&#8221;&#8221; z_index_tablet=&#8221;500&#8243; background__hover_enabled=&#8221;on|hover&#8221;][et_pb_row use_custom_gutter=&#8221;on&#8221; gutter_width=&#8221;1&#8243; admin_label=&#8221;Cool Cat Content &#8211; Freddie &#8211; BG&#8221; module_class=&#8221;freddie_cool_cat_content_bg_image et_pb_row_fullwidth&#8221; _builder_version=&#8221;3.25&#8243; background_color=&#8221;#fddd11&#8243; width=&#8221;100%&#8221; width_tablet=&#8221;100%&#8221; width_phone=&#8221;&#8221; width_last_edited=&#8221;on|desktop&#8221; max_width=&#8221;100%&#8221; max_width_tablet=&#8221;100%&#8221; max_width_phone=&#8221;&#8221; max_width_last_edited=&#8221;on|desktop&#8221; custom_padding=&#8221;0px||0px&#8221; z_index_tablet=&#8221;500&#8243; custom_css_main_element=&#8221; position: fixed !important;|| width: 100%;|| height: 0;|| bottom: 0;|| left: 0;||transition: 1s ease;&#8221; make_fullwidth=&#8221;on&#8221; locked=&#8221;off&#8221;][et_pb_column type=&#8221;4_4&#8243; _builder_version=&#8221;3.25&#8243; custom_padding=&#8221;|||&#8221; custom_padding__hover=&#8221;|||&#8221;][\/et_pb_column][\/et_pb_row][et_pb_row column_structure=&#8221;2_3,1_3&#8243; use_custom_gutter=&#8221;on&#8221; gutter_width=&#8221;2&#8243; _builder_version=&#8221;4.4.2&#8243; max_width=&#8221;1170px&#8221; use_custom_width=&#8221;on&#8221; custom_width_px=&#8221;1170px&#8221; background__hover_enabled=&#8221;on|hover&#8221;][et_pb_column type=&#8221;2_3&#8243; _builder_version=&#8221;4.4.2&#8243; custom_padding=&#8221;|||&#8221; custom_padding__hover=&#8221;|||&#8221;][et_pb_text admin_label=&#8221;Cool Cat Content &#8211; Freddie &#8211; Text&#8221; _builder_version=&#8221;4.4.2&#8243; text_font=&#8221;Poppins|||on|||||&#8221; text_text_color=&#8221;#ffffff&#8221; text_font_size=&#8221;100px&#8221; text_letter_spacing=&#8221;3px&#8221; text_line_height=&#8221;100%&#8221; header_text_color=&#8221;#ffffff&#8221; max_width_tablet=&#8221;470px&#8221; max_width_phone=&#8221;&#8221; max_width_last_edited=&#8221;on|tablet&#8221; custom_margin=&#8221;||-68px&#8221; custom_margin_tablet=&#8221;||-48px&#8221; custom_margin_phone=&#8221;||-28px&#8221; custom_margin_last_edited=&#8221;on|phone&#8221; text_font_size_tablet=&#8221;50px&#8221; text_font_size_phone=&#8221;30px&#8221; text_font_size_last_edited=&#8221;on|phone&#8221; z_index_tablet=&#8221;500&#8243; custom_css_main_element=&#8221;font-weight: bold;|| z-index: 15;|| position: relative;&#8221; text_text_shadow_style=&#8221;preset3&#8243; locked=&#8221;off&#8221;]<\/p>\n<p>AT ricol<\/p>\n<p>[\/et_pb_text][et_pb_image src=&#8221;https:\/\/paysage-ricol.fr\/wp-content\/uploads\/2020\/05\/terasse.jpg&#8221; alt=&#8221;am\u00e9nagement autour d&#8217;une terrasse, terrasse v\u00e9g\u00e9tales, choix, Ricol p\u00e9pini\u00e8re, Macon, entretien espaces verts &#8221; title_text=&#8221;am\u00e9nagement de terrasse Ricol p\u00e9pini\u00e8re, Macon, entretien espaces verts &#8221; align_tablet=&#8221;center&#8221; align_phone=&#8221;&#8221; align_last_edited=&#8221;on|desktop&#8221; admin_label=&#8221;Cool Cat Content &#8211; Freddie &#8211; Image&#8221; _builder_version=&#8221;4.4.2&#8243; z_index_tablet=&#8221;500&#8243;][\/et_pb_image][\/et_pb_column][et_pb_column type=&#8221;1_3&#8243; _builder_version=&#8221;3.25&#8243; custom_padding=&#8221;192px|||3.5%&#8221; custom_padding_tablet=&#8221;20px|||0%&#8221; custom_padding_phone=&#8221;&#8221; custom_padding_last_edited=&#8221;on|tablet&#8221; custom_padding__hover=&#8221;|||&#8221;][et_pb_cta title=&#8221;DECKING&#8221; button_url=&#8221;#&#8221; admin_label=&#8221;Cool Cat Content &#8211; Freddie &#8211; Call To Action&#8221; _builder_version=&#8221;4.4.2&#8243; header_font=&#8221;Poppins|500|||||||&#8221; header_text_color=&#8221;#000000&#8243; header_font_size=&#8221;24px&#8221; header_line_height=&#8221;120%&#8221; body_font=&#8221;Poppins||||||||&#8221; body_text_color=&#8221;#000000&#8243; body_font_size=&#8221;16px&#8221; body_line_height=&#8221;190%&#8221; use_background_color=&#8221;off&#8221; custom_button=&#8221;on&#8221; button_text_size=&#8221;0px&#8221; button_text_color=&#8221;#ffffff&#8221; button_bg_color=&#8221;rgba(255,255,255,0)&#8221; button_border_width=&#8221;0px&#8221; button_border_radius=&#8221;0px&#8221; button_font=&#8221;Poppins|500|||||||&#8221; button_icon=&#8221;%%3%%&#8221; button_icon_color=&#8221;#000000&#8243; button_icon_placement=&#8221;left&#8221; button_on_hover=&#8221;off&#8221; text_orientation=&#8221;left&#8221; custom_margin=&#8221;||66px&#8221; custom_margin_tablet=&#8221;||20px&#8221; custom_margin_phone=&#8221;&#8221; custom_margin_last_edited=&#8221;on|tablet&#8221; z_index_tablet=&#8221;500&#8243; custom_css_main_element=&#8221; position: relative;&#8221; custom_css_promo_description=&#8221;font-weight: 400 !important;&#8221; custom_css_promo_button=&#8221;padding: 0 !important;|| width: 25px;|| height: 25px;||display: block;||border:none !important;&#8221; custom_css_promo_title=&#8221; padding-bottom: 24px;&#8221;]<\/p>\n<p>\u00a0I WANT MY VEGETALIZED TERRACE!<\/p>\n<p>&nbsp;<\/p>\n<p>The layout of an outdoor terrace implies a multitude of choices. Ricol Landscaping, Parks and Gardens can help you with all these questions to help you successfully complete your outdoor terrace project.<\/p>\n<p>[\/et_pb_cta][\/et_pb_column][\/et_pb_row][et_pb_row column_structure=&#8221;1_2,1_2&#8243; admin_label=&#8221;By The Way Content &#8211; Freddie &#8211; Row&#8221; _builder_version=&#8221;4.4.2&#8243; width=&#8221;90%&#8221; max_width=&#8221;1170px&#8221;][et_pb_column type=&#8221;1_2&#8243; _builder_version=&#8221;3.27&#8243; custom_padding=&#8221;25px||||false|false&#8221; custom_padding_tablet=&#8221;0px||||false|false&#8221; custom_padding_phone=&#8221;&#8221; custom_padding_last_edited=&#8221;on|tablet&#8221;][et_pb_text admin_label=&#8221;By The Way Content &#8211; Freddie &#8211; Text&#8221; _builder_version=&#8221;4.4.2&#8243; text_font=&#8221;Poppins|600|on||||||&#8221; text_text_color=&#8221;#000000&#8243; text_font_size=&#8221;16px&#8221; text_letter_spacing=&#8221;0.3px&#8221; custom_margin=&#8221;||33px||false|false&#8221; custom_css_before=&#8221; content: &#8221;;|| width: 70px;|| height: 4px;|| display: block;|| background: #fddd11;|| margin: 0 0 34px;&#8221;]<\/p>\n<ul>\n<li>Realization terrace in exotic wood &#8230;<\/li>\n<li>Laying synthetic turf<\/li>\n<li>Vegetation, landscaping, decoration.<\/li>\n<\/ul>\n<p>[\/et_pb_text][\/et_pb_column][et_pb_column type=&#8221;1_2&#8243; _builder_version=&#8221;4.4.2&#8243; custom_padding=&#8221;64px|45px|64px|45px|true|false&#8221; custom_padding_tablet=&#8221;40px|30px|40px|30px|true|false&#8221; custom_padding_phone=&#8221;&#8221; custom_padding_last_edited=&#8221;on|tablet&#8221;][\/et_pb_column][\/et_pb_row][\/et_pb_section][et_pb_section fb_built=&#8221;1&#8243; _builder_version=&#8221;4.4.2&#8243; background_image=&#8221;https:\/\/paysage-ricol.fr\/wp-content\/uploads\/2020\/04\/entretien-espace-vertes.jpg&#8221; parallax=&#8221;on&#8221;][et_pb_row _builder_version=&#8221;4.4.2&#8243;][et_pb_column type=&#8221;4_4&#8243; _builder_version=&#8221;4.4.2&#8243;][et_pb_divider show_divider=&#8221;off&#8221; _builder_version=&#8221;4.4.2&#8243; height=&#8221;137px&#8221;][\/et_pb_divider][\/et_pb_column][\/et_pb_row][\/et_pb_section][et_pb_section fb_built=&#8221;1&#8243; _builder_version=&#8221;4.4.2&#8243;][et_pb_row _builder_version=&#8221;4.4.2&#8243;][et_pb_column type=&#8221;4_4&#8243; _builder_version=&#8221;4.4.2&#8243;][et_pb_video src=&#8221;https:\/\/paysage-ricol.fr\/wp-content\/uploads\/2020\/06\/FILM-18-05-20.mp4&#8243; src_webm=&#8221;https:\/\/paysage-ricol.fr\/wp-content\/uploads\/2020\/06\/FILM-18-05-20-2.webm&#8221; _builder_version=&#8221;4.4.2&#8243;][\/et_pb_video][\/et_pb_column][\/et_pb_row][\/et_pb_section][et_pb_section fb_built=&#8221;1&#8243; custom_padding_last_edited=&#8221;on|tablet&#8221; admin_label=&#8221;Tonight Content &#8211; Freddie&#8221; module_class=&#8221;freddie_tonight_content&#8221; _builder_version=&#8221;4.4.2&#8243; custom_padding=&#8221;81px||20px||false|false&#8221; custom_padding_tablet=&#8221;40px||0px||false|false&#8221; custom_padding_phone=&#8221;&#8221;][et_pb_row column_structure=&#8221;2_3,1_3&#8243; admin_label=&#8221;Live Forever Content &#8211; Freddie &#8211; Row&#8221; _builder_version=&#8221;4.4.2&#8243; background_enable_image=&#8221;off&#8221; background_blend=&#8221;color-dodge&#8221; width=&#8221;90%&#8221; max_width=&#8221;1170px&#8221; custom_padding=&#8221;75px||67px||false|false&#8221; border_width_top=&#8221;4px&#8221; border_color_top=&#8221;#5dab36&#8243; border_width_bottom=&#8221;4px&#8221; border_color_bottom=&#8221;#5dab36&#8243; locked=&#8221;off&#8221;][et_pb_column type=&#8221;2_3&#8243; _builder_version=&#8221;3.29.3&#8243; custom_padding=&#8221;||||false|false&#8221;][et_pb_text quote_border_color=&#8221;#5dab36&#8243; admin_label=&#8221;Live Forever Content &#8211; Freddie- Text&#8221; _builder_version=&#8221;4.4.2&#8243; text_font=&#8221;Poppins|500|||||||&#8221; text_text_color=&#8221;#000000&#8243; text_font_size=&#8221;36px&#8221; text_letter_spacing=&#8221;0.1px&#8221; text_line_height=&#8221;136%&#8221; header_font=&#8221;Roboto||||||||&#8221; header_text_color=&#8221;#000000&#8243; text_font_size_tablet=&#8221;30px&#8221; text_font_size_phone=&#8221;24px&#8221; text_font_size_last_edited=&#8221;on|phone&#8221;]<\/p>\n<blockquote>\n<p>LANDSCAPING STUDY<\/p>\n<\/blockquote>\n<p>[\/et_pb_text][et_pb_cta admin_label=&#8221;Doing All Right Content &#8211; Freddie &#8211; Call To Action&#8221; _builder_version=&#8221;4.4.2&#8243; header_font=&#8221;Poppins|500|||||||&#8221; header_text_color=&#8221;#ffffff&#8221; header_font_size=&#8221;48px&#8221; header_letter_spacing=&#8221;0.3px&#8221; header_line_height=&#8221;120%&#8221; body_text_color=&#8221;#fddd11&#8243; body_font_size=&#8221;16px&#8221; body_letter_spacing=&#8221;-6px&#8221; body_line_height=&#8221;120%&#8221; use_background_color=&#8221;off&#8221; text_orientation=&#8221;left&#8221; custom_margin=&#8221;||12px&#8221; header_font_size_tablet=&#8221;40px&#8221; header_font_size_phone=&#8221;30px&#8221; header_font_size_last_edited=&#8221;on|phone&#8221; z_index_tablet=&#8221;500&#8243; custom_css_promo_description=&#8221; font-family: %22ETmodules%22!important;|| padding-bottom: 0 !important;&#8221; custom_css_promo_title=&#8221; padding-bottom: 17px;&#8221; locked=&#8221;off&#8221;]MMMMM<br \/>\n[\/et_pb_cta][\/et_pb_column][et_pb_column type=&#8221;1_3&#8243; _builder_version=&#8221;3.29.3&#8243; custom_padding=&#8221;||||false|false&#8221;][et_pb_text admin_label=&#8221;Live Forever Content &#8211; Freddie &#8211; Text&#8221; _builder_version=&#8221;4.4.2&#8243; text_font=&#8221;Poppins||||||||&#8221; text_text_color=&#8221;#000000&#8243; text_font_size=&#8221;16px&#8221; text_letter_spacing=&#8221;0.05px&#8221; text_line_height=&#8221;190%&#8221; custom_css_main_element=&#8221; font-weight: 400;&#8221;]<\/p>\n<p>Take advantage of our expertise to create the garden of your dreams. Because making your garden is above all about listening to you and understanding your needs and desires.<\/p>\n<p>&nbsp;<\/p>\n<p>To know our pricing terms and conditions and start your garden today, please contact us.<\/p>\n<p>&nbsp;<\/p>\n<p>[\/et_pb_text][et_pb_button button_url=&#8221;https:\/\/paysage-ricol.fr\/en\/study\/?lang=en&#8221; button_text=&#8221;See more&#8221; _builder_version=&#8221;4.4.2&#8243;][\/et_pb_button][\/et_pb_column][\/et_pb_row][\/et_pb_section]<\/p>\n","protected":false},"excerpt":{"rendered":"<p>[et_pb_section fb_built=&#8221;1&#8243; _builder_version=&#8221;4.4.2&#8243; background_image=&#8221;https:\/\/paysage-ricol.fr\/wp-content\/uploads\/2020\/04\/entretien-espace-vertes.jpg&#8221; parallax=&#8221;on&#8221;][et_pb_row use_custom_gutter=&#8221;on&#8221; gutter_width=&#8221;1&#8243; make_equal=&#8221;on&#8221; admin_label=&#8221;plantation&#8221; _builder_version=&#8221;4.4.2&#8243; width=&#8221;100%&#8221; max_width=&#8221;1920px&#8221; module_alignment=&#8221;center&#8221; custom_margin=&#8221;-55px|0px|0px|0px|false|false&#8221; custom_padding=&#8221;0px|||||&#8221; border_width_bottom=&#8221;3px&#8221; border_color_bottom=&#8221;#ffdd11&#8243;][et_pb_column type=&#8221;4_4&#8243; _builder_version=&#8221;4.4.2&#8243;][et_pb_image src=&#8221;https:\/\/paysage-ricol.fr\/wp-content\/uploads\/2020\/09\/terrace-design.png&#8221; alt=&#8221;am\u00e9nagement terrasse, Ricol p\u00e9pini\u00e8re, Macon, entretien espaces verts &#8221; title_text=&#8221;am\u00e9nagement terrasse Ricol p\u00e9pini\u00e8re, Macon, entretien espaces verts &#8221; show_bottom_space=&#8221;off&#8221; align=&#8221;center&#8221; _builder_version=&#8221;4.4.2&#8243; custom_margin=&#8221;0px|0px|0px|0px|false|false&#8221; custom_padding=&#8221;0px|0px||||&#8221;][\/et_pb_image][\/et_pb_column][\/et_pb_row][\/et_pb_section][et_pb_section fb_built=&#8221;1&#8243; custom_padding_last_edited=&#8221;on|tablet&#8221; admin_label=&#8221;Cool Cat Content &#8211; Freddie&#8221; module_class=&#8221;freddie_cool_cat_content&#8221; _builder_version=&#8221;4.4.2&#8243; background_color=&#8221;rgba(253,221,17,0)&#8221; custom_padding=&#8221;148px||277px&#8221; custom_padding_tablet=&#8221;||100px&#8221; [&hellip;]<\/p>\n","protected":false},"author":1,"featured_media":0,"parent":0,"menu_order":0,"comment_status":"closed","ping_status":"closed","template":"","meta":{"_et_pb_use_builder":"on","_et_pb_old_content":"<p>[et_pb_section fb_built=\"1\" _builder_version=\"4.4.2\" background_image=\"https:\/\/paysage-ricol.fr\/wp-content\/uploads\/2020\/04\/entretien-espace-vertes.jpg\" parallax=\"on\"][et_pb_row use_custom_gutter=\"on\" gutter_width=\"1\" make_equal=\"on\" admin_label=\"plantation\" _builder_version=\"4.4.2\" width=\"100%\" max_width=\"1920px\" module_alignment=\"center\" custom_margin=\"-55px|0px|0px|0px|false|false\" custom_padding=\"0px|||||\" border_width_bottom=\"3px\" border_color_bottom=\"#ffdd11\"][et_pb_column type=\"4_4\" _builder_version=\"4.4.2\"][et_pb_image src=\"https:\/\/paysage-ricol.fr\/wp-content\/uploads\/2020\/05\/amenagement-terasse.png\" alt=\"am\u00e9nagement terrasse, Ricol p\u00e9pini\u00e8re, Macon, entretien espaces verts \" title_text=\"am\u00e9nagement terrasse Ricol p\u00e9pini\u00e8re, Macon, entretien espaces verts \" show_bottom_space=\"off\" align=\"center\" _builder_version=\"4.4.2\" custom_margin=\"0px|0px|0px|0px|false|false\" custom_padding=\"0px|0px||||\"][\/et_pb_image][\/et_pb_column][\/et_pb_row][\/et_pb_section][et_pb_section fb_built=\"1\" custom_padding_last_edited=\"on|tablet\" admin_label=\"Cool Cat Content - Freddie\" module_class=\"freddie_cool_cat_content\" _builder_version=\"4.4.2\" background_color=\"rgba(253,221,17,0)\" custom_padding=\"148px||277px\" custom_padding_tablet=\"||100px\" custom_padding_phone=\"\" z_index_tablet=\"500\" background__hover_enabled=\"on|hover\"][et_pb_row use_custom_gutter=\"on\" gutter_width=\"1\" admin_label=\"Cool Cat Content - Freddie - BG\" module_class=\"freddie_cool_cat_content_bg_image et_pb_row_fullwidth\" _builder_version=\"3.25\" background_color=\"#fddd11\" width=\"100%\" width_tablet=\"100%\" width_phone=\"\" width_last_edited=\"on|desktop\" max_width=\"100%\" max_width_tablet=\"100%\" max_width_phone=\"\" max_width_last_edited=\"on|desktop\" custom_padding=\"0px||0px\" z_index_tablet=\"500\" custom_css_main_element=\" position: fixed !important;|| width: 100%;|| height: 0;|| bottom: 0;|| left: 0;||transition: 1s ease;\" make_fullwidth=\"on\" locked=\"off\"][et_pb_column type=\"4_4\" _builder_version=\"3.25\" custom_padding=\"|||\" custom_padding__hover=\"|||\"][\/et_pb_column][\/et_pb_row][et_pb_row column_structure=\"2_3,1_3\" use_custom_gutter=\"on\" gutter_width=\"2\" _builder_version=\"4.4.2\" max_width=\"1170px\" use_custom_width=\"on\" custom_width_px=\"1170px\" background__hover_enabled=\"on|hover\"][et_pb_column type=\"2_3\" _builder_version=\"4.4.2\" custom_padding=\"|||\" custom_padding__hover=\"|||\"][et_pb_text admin_label=\"Cool Cat Content - Freddie - Text\" _builder_version=\"4.4.2\" text_font=\"Poppins|||on|||||\" text_text_color=\"#ffffff\" text_font_size=\"100px\" text_letter_spacing=\"3px\" text_line_height=\"100%\" header_text_color=\"#ffffff\" max_width_tablet=\"470px\" max_width_phone=\"\" max_width_last_edited=\"on|tablet\" custom_margin=\"||-68px\" custom_margin_tablet=\"||-48px\" custom_margin_phone=\"||-28px\" custom_margin_last_edited=\"on|phone\" text_font_size_tablet=\"50px\" text_font_size_phone=\"30px\" text_font_size_last_edited=\"on|phone\" z_index_tablet=\"500\" custom_css_main_element=\"font-weight: bold;|| z-index: 15;|| position: relative;\" text_text_shadow_style=\"preset3\" locked=\"off\"]<\/p><p>chez ricol<\/p><p>[\/et_pb_text][et_pb_image src=\"https:\/\/paysage-ricol.fr\/wp-content\/uploads\/2020\/05\/terasse.jpg\" alt=\"am\u00e9nagement autour d'une terrasse, terrasse v\u00e9g\u00e9tales, choix, Ricol p\u00e9pini\u00e8re, Macon, entretien espaces verts \" title_text=\"am\u00e9nagement de terrasse Ricol p\u00e9pini\u00e8re, Macon, entretien espaces verts \" align_tablet=\"center\" align_phone=\"\" align_last_edited=\"on|desktop\" admin_label=\"Cool Cat Content - Freddie - Image\" _builder_version=\"4.4.2\" z_index_tablet=\"500\"]<\/p><p>[\/et_pb_image][\/et_pb_column][et_pb_column type=\"1_3\" _builder_version=\"3.25\" custom_padding=\"192px|||3.5%\" custom_padding_tablet=\"20px|||0%\" custom_padding_phone=\"\" custom_padding_last_edited=\"on|tablet\" custom_padding__hover=\"|||\"][et_pb_cta title=\"AM\u00c9NAGEMENT AUTOUR D\u2019UNE TERRASSE\" button_url=\"#\" admin_label=\"Cool Cat Content - Freddie - Call To Action\" _builder_version=\"4.4.2\" header_font=\"Poppins|500|||||||\" header_text_color=\"#000000\" header_font_size=\"24px\" header_line_height=\"120%\" body_font=\"Poppins||||||||\" body_text_color=\"#000000\" body_font_size=\"16px\" body_line_height=\"190%\" use_background_color=\"off\" custom_button=\"on\" button_text_size=\"0px\" button_text_color=\"#ffffff\" button_bg_color=\"rgba(255,255,255,0)\" button_border_width=\"0px\" button_border_radius=\"0px\" button_font=\"Poppins|500|||||||\" button_icon=\"%%3%%\" button_icon_color=\"#000000\" button_icon_placement=\"left\" button_on_hover=\"off\" text_orientation=\"left\" custom_margin=\"||66px\" custom_margin_tablet=\"||20px\" custom_margin_phone=\"\" custom_margin_last_edited=\"on|tablet\" z_index_tablet=\"500\" custom_css_main_element=\" position: relative;\" custom_css_promo_description=\"font-weight: 400 !important;\" custom_css_promo_button=\"padding: 0 !important;|| width: 25px;|| height: 25px;||display: block;||border:none !important;\" custom_css_promo_title=\" padding-bottom: 24px;\"]<\/p><p><span style=\"font-weight: 400;\">\u00a0<strong>JE VEUX MA TERRASSE VEGETALISEE !<\/strong><\/span><\/p><p>\u00a0<\/p><p><span style=\"font-weight: 400;\">L\u2019am\u00e9nagement d\u2019une terrasse ext\u00e9rieure implique une multitude de choix. Autant de questions sur lesquelles <\/span><b>Ricol Paysage<\/b> <b>Parcs et jardins<\/b><span style=\"font-weight: 400;\"> vous accompagne pour mener \u00e0 bien votre projet d\u2019am\u00e9nagement de terrasse ext\u00e9rieure.<\/span><\/p><p>[\/et_pb_cta][\/et_pb_column][\/et_pb_row][et_pb_row column_structure=\"1_2,1_2\" admin_label=\"By The Way Content - Freddie - Row\" _builder_version=\"4.4.2\" width=\"90%\" max_width=\"1170px\"][et_pb_column type=\"1_2\" _builder_version=\"3.27\" custom_padding=\"25px||||false|false\" custom_padding_tablet=\"0px||||false|false\" custom_padding_phone=\"\" custom_padding_last_edited=\"on|tablet\"][et_pb_text admin_label=\"By The Way Content - Freddie - Text\" _builder_version=\"4.4.2\" text_font=\"Poppins|600|on||||||\" text_text_color=\"#000000\" text_font_size=\"16px\" text_letter_spacing=\"0.3px\" custom_margin=\"||33px||false|false\" custom_css_before=\" content: '';|| width: 70px;|| height: 4px;|| display: block;|| background: #fddd11;|| margin: 0 0 34px;\"]<\/p><ul><li>R\u00e9alisation terrasse en\u00a0<b>bois<\/b>\u00a0exotique\u2026.<\/li><li>Pose de gazon synth\u00e9tique\u00a0<\/li><li>V\u00e9g\u00e9talisation, am\u00e9nagement, d\u00e9coration.<\/li><\/ul><p>[\/et_pb_text][\/et_pb_column][et_pb_column type=\"1_2\" _builder_version=\"4.4.2\" custom_padding=\"64px|45px|64px|45px|true|false\" custom_padding_tablet=\"40px|30px|40px|30px|true|false\" custom_padding_phone=\"\" custom_padding_last_edited=\"on|tablet\"][\/et_pb_column][\/et_pb_row][\/et_pb_section][et_pb_section fb_built=\"1\" _builder_version=\"4.4.2\" background_image=\"https:\/\/paysage-ricol.fr\/wp-content\/uploads\/2020\/04\/entretien-espace-vertes.jpg\" parallax=\"on\"][et_pb_row _builder_version=\"4.4.2\"][et_pb_column type=\"4_4\" _builder_version=\"4.4.2\"][et_pb_divider show_divider=\"off\" _builder_version=\"4.4.2\" height=\"137px\"][\/et_pb_divider][\/et_pb_column][\/et_pb_row][\/et_pb_section][et_pb_section fb_built=\"1\" _builder_version=\"4.4.2\"][et_pb_row _builder_version=\"4.4.2\"][et_pb_column type=\"4_4\" _builder_version=\"4.4.2\"][et_pb_video src=\"https:\/\/paysage-ricol.fr\/wp-content\/uploads\/2020\/06\/FILM-18-05-20.mp4\" src_webm=\"https:\/\/paysage-ricol.fr\/wp-content\/uploads\/2020\/06\/FILM-18-05-20-2.webm\" _builder_version=\"4.4.2\"][\/et_pb_video][\/et_pb_column][\/et_pb_row][\/et_pb_section][et_pb_section fb_built=\"1\" custom_padding_last_edited=\"on|tablet\" admin_label=\"Tonight Content - Freddie\" module_class=\"freddie_tonight_content\" _builder_version=\"4.4.2\" custom_padding=\"81px||20px||false|false\" custom_padding_tablet=\"40px||0px||false|false\" custom_padding_phone=\"\"][et_pb_row column_structure=\"2_3,1_3\" admin_label=\"Live Forever Content - Freddie - Row\" _builder_version=\"4.4.2\" background_enable_image=\"off\" background_blend=\"color-dodge\" width=\"90%\" max_width=\"1170px\" custom_padding=\"75px||67px||false|false\" border_width_top=\"4px\" border_color_top=\"#5dab36\" border_width_bottom=\"4px\" border_color_bottom=\"#5dab36\" locked=\"off\"][et_pb_column type=\"2_3\" _builder_version=\"3.29.3\" custom_padding=\"||||false|false\"][et_pb_text quote_border_color=\"#5dab36\" admin_label=\"Live Forever Content - Freddie- Text\" _builder_version=\"4.4.2\" text_font=\"Poppins|500|||||||\" text_text_color=\"#000000\" text_font_size=\"36px\" text_letter_spacing=\"0.1px\" text_line_height=\"136%\" header_font=\"Roboto||||||||\" header_text_color=\"#000000\" text_font_size_tablet=\"30px\" text_font_size_phone=\"24px\" text_font_size_last_edited=\"on|phone\"]<\/p><blockquote><p>\u00c9TUDE<\/p><\/blockquote><p>[\/et_pb_text][et_pb_cta admin_label=\"Doing All Right Content - Freddie - Call To Action\" _builder_version=\"4.4.2\" header_font=\"Poppins|500|||||||\" header_text_color=\"#ffffff\" header_font_size=\"48px\" header_letter_spacing=\"0.3px\" header_line_height=\"120%\" body_text_color=\"#fddd11\" body_font_size=\"16px\" body_letter_spacing=\"-6px\" body_line_height=\"120%\" use_background_color=\"off\" text_orientation=\"left\" custom_margin=\"||12px\" header_font_size_tablet=\"40px\" header_font_size_phone=\"30px\" header_font_size_last_edited=\"on|phone\" z_index_tablet=\"500\" custom_css_promo_description=\" font-family: %22ETmodules%22!important;|| padding-bottom: 0 !important;\" custom_css_promo_title=\" padding-bottom: 17px;\" locked=\"off\"]<\/p><p>MMMMM<\/p><p>[\/et_pb_cta][\/et_pb_column][et_pb_column type=\"1_3\" _builder_version=\"3.29.3\" custom_padding=\"||||false|false\"][et_pb_text admin_label=\"Live Forever Content - Freddie - Text\" _builder_version=\"4.4.2\" text_font=\"Poppins||||||||\" text_text_color=\"#000000\" text_font_size=\"16px\" text_letter_spacing=\"0.05px\" text_line_height=\"190%\" custom_css_main_element=\" font-weight: 400;\"]<\/p><p>Profitez d\u00e8s \u00e0 pr\u00e9sent de notre expertise pour\u00a0<strong>cr\u00e9er le jardin de vos r\u00eaves<\/strong>. Parce que r\u00e9aliser votre jardin, c\u2019est avant tout vous \u00e9couter et comprendre vos besoins et vos envies.<\/p><p>\u00a0<\/p><p>Pour conna\u00eetre\u00a0nos conditions tarifaires\u00a0et\u00a0effectuer\u00a0votre jardin, contactez-nous.<\/p><p>\u00a0<\/p><p>[\/et_pb_text][et_pb_button button_url=\"\/etudes\/\" button_text=\"voir plus\" _builder_version=\"4.4.2\"][\/et_pb_button][\/et_pb_column][\/et_pb_row][\/et_pb_section]<\/p>","_et_gb_content_width":""},"_links":{"self":[{"href":"https:\/\/paysage-ricol.fr\/en\/wp-json\/wp\/v2\/pages\/262838"}],"collection":[{"href":"https:\/\/paysage-ricol.fr\/en\/wp-json\/wp\/v2\/pages"}],"about":[{"href":"https:\/\/paysage-ricol.fr\/en\/wp-json\/wp\/v2\/types\/page"}],"author":[{"embeddable":true,"href":"https:\/\/paysage-ricol.fr\/en\/wp-json\/wp\/v2\/users\/1"}],"replies":[{"embeddable":true,"href":"https:\/\/paysage-ricol.fr\/en\/wp-json\/wp\/v2\/comments?post=262838"}],"version-history":[{"count":7,"href":"https:\/\/paysage-ricol.fr\/en\/wp-json\/wp\/v2\/pages\/262838\/revisions"}],"predecessor-version":[{"id":263960,"href":"https:\/\/paysage-ricol.fr\/en\/wp-json\/wp\/v2\/pages\/262838\/revisions\/263960"}],"wp:attachment":[{"href":"https:\/\/paysage-ricol.fr\/en\/wp-json\/wp\/v2\/media?parent=262838"}],"curies":[{"name":"wp","href":"https:\/\/api.w.org\/{rel}","templated":true}]}}